{"id":1424,"date":"2019-09-03T15:51:10","date_gmt":"2019-09-03T18:51:10","guid":{"rendered":"https:\/\/conectaid.com.br\/?post_type=product&#038;p=1424"},"modified":"2021-09-02T14:02:04","modified_gmt":"2021-09-02T17:02:04","slug":"t-shirts-conectaid-black","status":"publish","type":"product","link":"https:\/\/conectaid.com.br\/index.php\/product\/t-shirts-conectaid-black\/","title":{"rendered":"T-shirts Conectaid Black"},"content":{"rendered":"","protected":false},"excerpt":{"rendered":"<p data-font=\"17\"><strong>Com esta contribui\u00e7\u00e3o voc\u00ea apoia o CONECTAID<\/strong><\/p>\n<p data-font=\"17\">Fa\u00e7a parte da nossa Corrente do Bem<\/p>\n<p data-font=\"17\"><strong>Fique atento ao prazo de entrega!<\/strong><\/p>\n<p data-font=\"17\"><strong>O custo de frete n\u00e3o est\u00e1 incluso.<\/strong><\/p>\n","protected":false},"featured_media":1425,"comment_status":"open","ping_status":"closed","template":"","meta":[],"_links":{"self":[{"href":"https:\/\/conectaid.com.br\/index.php\/wp-json\/wp\/v2\/product\/1424"}],"collection":[{"href":"https:\/\/conectaid.com.br\/index.php\/wp-json\/wp\/v2\/product"}],"about":[{"href":"https:\/\/conectaid.com.br\/index.php\/wp-json\/wp\/v2\/types\/product"}],"replies":[{"embeddable":true,"href":"https:\/\/conectaid.com.br\/index.php\/wp-json\/wp\/v2\/comments?post=1424"}],"wp:featuredmedia":[{"embeddable":true,"href":"https:\/\/conectaid.com.br\/index.php\/wp-json\/wp\/v2\/media\/1425"}],"wp:attachment":[{"href":"https:\/\/conectaid.com.br\/index.php\/wp-json\/wp\/v2\/media?parent=1424"}],"curies":[{"name":"wp","href":"https:\/\/api.w.org\/{rel}","templated":true}]}}