{"id":1110,"date":"2019-07-31T17:24:15","date_gmt":"2019-07-31T20:24:15","guid":{"rendered":"https:\/\/conectaid.com.br\/?post_type=product&#038;p=1110"},"modified":"2022-10-31T12:22:30","modified_gmt":"2022-10-31T15:22:30","slug":"garrafa","status":"publish","type":"product","link":"https:\/\/conectaid.com.br\/index.php\/product\/garrafa\/","title":{"rendered":"Garrafa"},"content":{"rendered":"","protected":false},"excerpt":{"rendered":"<p data-font=\"17\"><strong>Com esta contribui\u00e7\u00e3o voc\u00ea apoia o CONECTAID<\/strong><\/p>\n<p data-font=\"17\">Fa\u00e7a parte da nossa Corrente do Bem<\/p>\n<p data-font=\"17\"><strong>Fique atento ao prazo de entrega!<\/strong><\/p>\n<p data-font=\"17\"><strong>O custo de frete n\u00e3o est\u00e1 incluso.<\/strong><\/p>\n","protected":false},"featured_media":1107,"comment_status":"open","ping_status":"closed","template":"","meta":[],"_links":{"self":[{"href":"https:\/\/conectaid.com.br\/index.php\/wp-json\/wp\/v2\/product\/1110"}],"collection":[{"href":"https:\/\/conectaid.com.br\/index.php\/wp-json\/wp\/v2\/product"}],"about":[{"href":"https:\/\/conectaid.com.br\/index.php\/wp-json\/wp\/v2\/types\/product"}],"replies":[{"embeddable":true,"href":"https:\/\/conectaid.com.br\/index.php\/wp-json\/wp\/v2\/comments?post=1110"}],"wp:featuredmedia":[{"embeddable":true,"href":"https:\/\/conectaid.com.br\/index.php\/wp-json\/wp\/v2\/media\/1107"}],"wp:attachment":[{"href":"https:\/\/conectaid.com.br\/index.php\/wp-json\/wp\/v2\/media?parent=1110"}],"curies":[{"name":"wp","href":"https:\/\/api.w.org\/{rel}","templated":true}]}}