{"id":317,"date":"2018-05-12T21:58:45","date_gmt":"2018-05-12T21:58:45","guid":{"rendered":"https:\/\/wp.spidertrixcons.net\/servehuman\/?page_id=317"},"modified":"2020-04-01T13:58:36","modified_gmt":"2020-04-01T16:58:36","slug":"faqs","status":"publish","type":"page","link":"https:\/\/conectaid.com.br\/index.php\/faqs\/","title":{"rendered":"D\u00favidas"},"content":{"rendered":"<p><section class=\"kc-elm kc-css-505643 kc_row\"><div class=\"kc-row-container  kc-container\"><div class=\"kc-wrap-columns\"><div class=\"kc-elm kc-css-338578 kc_col-sm-12 kc_column kc_col-sm-12\"><div class=\"kc-col-container\"><div class=\"kc-elm kc-css-425851 kc_accordion_wrapper\">\n<div class=\"kc-elm kc-css-117731 kc_accordion_section group \"><h3 class=\"kc_accordion_header ui-accordion-header\"><span class=\"ui-accordion-header-icon ui-icon\"><\/span><a href=\"#1-posso-escolher-para-quem-doar\" data-prevent=\"scroll\"><i class=\"\"><\/i> 1. Posso escolher para quem doar?<\/a><\/h3><div class=\"kc_accordion_content ui-accordion-content kc_clearfix\"><div class=\"kc-panel-body\"><div class=\"kc-elm kc-css-588162 kc_text_block\"><\/p>\n<p>Sim. Voc\u00ea decide para qual projeto quer fazer a sua doa\u00e7\u00e3o. Estudamos a necessidade de cada projeto e executamos a solu\u00e7\u00e3o com a sua ajuda.<\/p>\n<p>\n<\/div><\/div><\/div><\/div><div class=\"kc-elm kc-css-661580 kc_accordion_section group \"><h3 class=\"kc_accordion_header ui-accordion-header\"><span class=\"ui-accordion-header-icon ui-icon\"><\/span><a href=\"#2-como-saberei-se-os-recursos-chegaram-ao-projeto-correto\" data-prevent=\"scroll\"><i class=\"\"><\/i> 2. Como saberei se os recursos chegaram ao projeto correto?<\/a><\/h3><div class=\"kc_accordion_content ui-accordion-content kc_clearfix\"><div class=\"kc-panel-body\"><div class=\"kc-elm kc-css-992233 kc_text_block\"><\/p>\n<p>Todos os projetos tem sua presta\u00e7\u00e3o de contas individualizada e atrav\u00e9s de Relat\u00f3rios apresentam o resumo dos recursos repassados e aplicados.<\/p>\n<p>\n<\/div><\/div><\/div><\/div><div class=\"kc-elm kc-css-445875 kc_accordion_section group \"><h3 class=\"kc_accordion_header ui-accordion-header\"><span class=\"ui-accordion-header-icon ui-icon\"><\/span><a href=\"#3-como-e-a-adesao-do-projeto-para-captar-recursos-e-voluntarios\" data-prevent=\"scroll\"><i class=\"\"><\/i> 3. Como \u00e9 a ades\u00e3o do projeto para captar recursos e volunt\u00e1rios?<\/a><\/h3><div class=\"kc_accordion_content ui-accordion-content kc_clearfix\"><div class=\"kc-panel-body\"><div class=\"kc-elm kc-css-36462 kc_text_block\"><\/p>\n<p>Atrav\u00e9s do cadastro todos os interessados se inscrevem no site\u00a0 e ap\u00f3s a apresenta\u00e7\u00e3o de documentos e aprova\u00e7\u00e3o podem fazer parte da associa\u00e7\u00e3o.<\/p>\n<p>\n<\/div><\/div><\/div><\/div><div class=\"kc-elm kc-css-714327 kc_accordion_section group \"><h3 class=\"kc_accordion_header ui-accordion-header\"><span class=\"ui-accordion-header-icon ui-icon\"><\/span><a href=\"#4-somente-instituicoes-com-cnpj-podem-receber-recursos\" data-prevent=\"scroll\"><i class=\"\"><\/i> 4. Somente institui\u00e7\u00f5es com CNPJ podem receber recursos?<\/a><\/h3><div class=\"kc_accordion_content ui-accordion-content kc_clearfix\"><div class=\"kc-panel-body\"><div class=\"kc-elm kc-css-731075 kc_text_block\"><\/p>\n<p>N\u00e3o. Pessoas que praticam o social, seja com pessoas ou animais, podem fazer parte da Corrente do Bem. Uma equipe faz a visita t\u00e9cnica e aprova a ades\u00e3o.<\/p>\n<p>\n<\/div><\/div><\/div><\/div><div class=\"kc-elm kc-css-720506 kc_accordion_section group \"><h3 class=\"kc_accordion_header ui-accordion-header\"><span class=\"ui-accordion-header-icon ui-icon\"><\/span><a href=\"#5-quem-pode-indicar-necessitados-ou-instituicoes\" data-prevent=\"scroll\"><i class=\"\"><\/i> 5. Quem pode indicar necessitados ou institui\u00e7\u00f5es?<\/a><\/h3><div class=\"kc_accordion_content ui-accordion-content kc_clearfix\"><div class=\"kc-panel-body\"><div class=\"kc-elm kc-css-67972 kc_text_block\"><\/p>\n<p>Todos podem fazer parte dessa conex\u00e3o de pessoas. Nosso objetivo \u00e9 levar aux\u00edlio a quem precisa. Voc\u00ea pode indicar e nos ajudar!<\/p>\n<p>\n<\/div><\/div><\/div><\/div><\/div>\n<div class=\"kc-elm kc-css-536077 kc_text_block\"><\/p>\n<div class=\"gmail_default\">Venha fazer parte da CORRENTE DO BEM!<\/div>\n<div class=\"gmail_default\">CONECTAID!<\/div>\n<div class=\"gmail_default\">\u00a0<\/div>\n<p>\n<\/div><\/div><\/div><\/div><\/div><\/section><section class=\"kc-elm kc-css-893806 kc_row\"><div class=\"kc-row-container  kc-container\"><div class=\"kc-wrap-columns\"><div class=\"kc-elm kc-css-868021 kc_col-sm-3 kc_column kc_col-sm-3\"><div class=\"kc-col-container\">\n<div class=\"kc-elm kc-css-105375 kc_counter_box\">\n\t\t<span class=\"counterup\">49<\/span>\n\t<h4>VOLUNT\u00c1RIOS<\/h4><\/div>\n<\/div><\/div><div class=\"kc-elm kc-css-717106 kc_col-sm-3 kc_column kc_col-sm-3\"><div class=\"kc-col-container\">\n<div class=\"kc-elm kc-css-934157 kc_counter_box\">\n\t\t<span class=\"counterup\">3<\/span>\n\t<h4>PROJETOS ATIVOS<\/h4><\/div>\n<\/div><\/div><div class=\"kc-elm kc-css-131941 kc_col-sm-3 kc_column kc_col-sm-3\"><div class=\"kc-col-container\">\n<div class=\"kc-elm kc-css-865048 kc_counter_box\">\n\t\t<span class=\"counterup\">84<\/span>\n\t<h4>TOTAL DE PROJETOS<\/h4><\/div>\n<\/div><\/div><div class=\"kc-elm kc-css-158681 kc_col-sm-3 kc_column kc_col-sm-3\"><div class=\"kc-col-container\">\n<div class=\"kc-elm kc-css-155023 kc_counter_box\">\n\t\t<span class=\"counterup\">1242<\/span>\n\t<h4>BENEFICIADOS<\/h4><\/div>\n<\/div><\/div><\/div><\/div><\/section><\/p>\n","protected":false},"excerpt":{"rendered":"","protected":false},"author":1,"featured_media":0,"parent":0,"menu_order":0,"comment_status":"closed","ping_status":"closed","template":"","meta":[],"_links":{"self":[{"href":"https:\/\/conectaid.com.br\/index.php\/wp-json\/wp\/v2\/pages\/317"}],"collection":[{"href":"https:\/\/conectaid.com.br\/index.php\/wp-json\/wp\/v2\/pages"}],"about":[{"href":"https:\/\/conectaid.com.br\/index.php\/wp-json\/wp\/v2\/types\/page"}],"author":[{"embeddable":true,"href":"https:\/\/conectaid.com.br\/index.php\/wp-json\/wp\/v2\/users\/1"}],"replies":[{"embeddable":true,"href":"https:\/\/conectaid.com.br\/index.php\/wp-json\/wp\/v2\/comments?post=317"}],"version-history":[{"count":10,"href":"https:\/\/conectaid.com.br\/index.php\/wp-json\/wp\/v2\/pages\/317\/revisions"}],"predecessor-version":[{"id":1665,"href":"https:\/\/conectaid.com.br\/index.php\/wp-json\/wp\/v2\/pages\/317\/revisions\/1665"}],"wp:attachment":[{"href":"https:\/\/conectaid.com.br\/index.php\/wp-json\/wp\/v2\/media?parent=317"}],"curies":[{"name":"wp","href":"https:\/\/api.w.org\/{rel}","templated":true}]}}