{"id":282,"date":"2018-05-12T18:55:28","date_gmt":"2018-05-12T18:55:28","guid":{"rendered":"https:\/\/wp.spidertrixcons.net\/servehuman\/?page_id=282"},"modified":"2020-04-29T02:21:48","modified_gmt":"2020-04-29T05:21:48","slug":"about-us","status":"publish","type":"page","link":"https:\/\/conectaid.com.br\/index.php\/about-us\/","title":{"rendered":"Sobre N\u00f3s"},"content":{"rendered":"<p><section class=\"kc-elm kc-css-719155 kc_row\"><div class=\"kc-row-container  kc-container\"><div class=\"kc-wrap-columns\"><div class=\"kc-elm kc-css-444642 kc_col-sm-6 kc_column kc_col-sm-6\"><div class=\"kc-col-container\">\n<div class=\"kc-elm kc-css-113532 kc-title-wrap \">\n\n\t<h2 class=\"kc_title\">Quem Somos<\/h2>\n<\/div>\n<div class=\"kc-elm kc-css-271109 kc_text_block\"><\/p>\n<p class=\"MsoNormal\" style=\"text-align: justify;\"><strong><span class=\"MsoSubtleEmphasis\"><span style=\"font-size: 9.0pt; line-height: 107%;\">O ConectAID conecta todas as partes envolvidas e interessadas em atividades filantr\u00f3picas, atrav\u00e9s de uma rede de relacionamento global. \u00c9 um conjunto de projetos sociais segmentados em diversas \u00e1reas, como: meio ambiente, educa\u00e7\u00e3o, animais, sa\u00fade, entre outros. Tudo em um s\u00f3 ambiente, aumentando sua visibilidade e proporcionando a coopera\u00e7\u00e3o m\u00fatua. O principal objetivo deste projeto \u00e9 expor com maior alcance poss\u00edvel, onde, como e quando acontecem as a\u00e7\u00f5es sociais, bem como, providenciar ajuda mais eficaz e menos burocr\u00e1tica \u00e0 popula\u00e7\u00e3o carente em geral. Para o alcance desta finalidade usamos diversas ferramentas, algumas j\u00e1 conhecidas e famosas nas redes sociais e outras exclusivamente adequadas \u00e0s necessidades contextuais do \u00e2mbito social, visando a conex\u00e3o de pessoas jur\u00eddicas e f\u00edsicas de forma r\u00e1pida e respons\u00e1vel.<\/span><\/span><\/strong><\/p>\n<p class=\"MsoNormal\" style=\"text-align: justify;\"><strong><span class=\"MsoSubtleEmphasis\"><span style=\"font-size: 9.0pt; line-height: 107%;\">Desde a d\u00e9cada de 90, Janaina Montalv\u00e3o j\u00e1 praticava a caridade, em 2006 fundou a APLER, uma Associa\u00e7\u00e3o de Profissionais Liberais e implementou diversas a\u00e7\u00f5es sociais: Bazar do Troca-Troca, Sou Solid\u00e1rio, com as campanhas: Seu Sorriso, Sem Fome, entre outras. Em 2013, junto com amigos iniciou o projeto Quentinha na Rua que se manteve ativo at\u00e9 06\/2019. Hoje implementamos o Projeto Cesta B\u00e1sica. Acreditamos que juntos faremos o CONECTAID levar dignidade e felicidade a muitas pessoas. Este projeto vai al\u00e9m do que entendemos de caridade.<\/span><\/span><\/strong><\/p>\n<p class=\"MsoNormal\" style=\"text-align: justify;\">\n<p>\n<\/div>\n\t<div class=\"kc-elm kc-css-328264 kc_shortcode kc_video_play kc_video_wrapper\">\n\t\t\t\t\t\t\t\t<video width=\"600\" height=\"338.983050847\" controls>\n\t\t\t\t<source src=\"https:\/\/conectaid.com.br\/wp-content\/uploads\/2020\/04\/VIDEO-2020-04-09-18-39-42.mp4\" type=\"video\/mp4\">\n\t\t\t\tYour browser does not support the video tag.\t\t\t<\/video>\n\n\t\t\t<\/div>\n\n<\/div><\/div><div class=\"kc-elm kc-css-253209 kc_col-sm-6 kc_column kc_col-sm-6\"><div class=\"kc-col-container\">\n\t<div class=\"kc-elm kc-css-359058 kc_shortcode kc_video_play kc_video_wrapper\">\n\t\t\t\t\t\t\t\t<video width=\"600\" height=\"338.983050847\" controls autoplay>\n\t\t\t\t<source src=\"https:\/\/conectaid.com.br\/wp-content\/uploads\/2020\/04\/WhatsApp-Video-2020-04-06-at-12.21.10.mp4\" type=\"video\/mp4\">\n\t\t\t\tYour browser does not support the video tag.\t\t\t<\/video>\n\n\t\t\t<\/div>\n\n<\/div><\/div><\/div><\/div><\/section><section class=\"kc-elm kc-css-599432 kc_row\"><div class=\"kc-row-container  kc-container\"><div class=\"kc-wrap-columns\"><div class=\"kc-elm kc-css-938781 kc_col-sm-12 kc_column kc_col-sm-12\"><div class=\"kc-col-container\"><div class=\"kc-elm kc-css-815239 kc_text_block\"><\/p>\n<div class=\"row\">\n<div class=\"col-md-8 col-md-offset-2 promote-project text-center\">\n<blockquote>\n<h3>Seja o protagonista da Corrente do Bem!<\/h3>\n<\/blockquote>\n<div class=\"sec-title colored text-center\">\u00a0<\/div>\n<\/div>\n<\/div>\n<p><!--more--><\/p>\n<p>\n<\/div><\/div><\/div><\/div><\/div><\/section><section class=\"kc-elm kc-css-294190 kc_row\"><div class=\"kc-row-container  kc-container\"><div class=\"kc-wrap-columns\"><div class=\"kc-elm kc-css-292430 kc_col-sm-12 kc_column kc_col-sm-12\"><div class=\"kc-col-container\"><div class=\"kc-carousel-post kc-elm kc-css-305308\"><h3 class=\"list-post-title\">Acompanhe nossos trabalhos<\/h3><div class=\"kc-owl-post-carousel owl-carousel list-post category  owl-nav-round\" data-owl-options='{\"items\":\"3\",\"mobile\":\"1\",\"tablet\":\"2\",\"speed\":500,\"navigation\":\"yes\",\"pagination\":\"yes\",\"autoheight\":\"\",\"autoplay\":\"yes\"}'>\t\t<div class=\"item list-item post-1375\">\n\n\t\t\t<div class=\"post-content\">\n\n\t\t\t\t<div class=\"image\"><img src=\"https:\/\/conectaid.com.br\/wp-content\/uploads\/2020\/04\/3-4-250x125.png\" class=\"attachment-medium size-medium wp-post-image\" alt=\"\" decoding=\"async\" loading=\"lazy\" srcset=\"https:\/\/conectaid.com.br\/wp-content\/uploads\/2020\/04\/3-4-250x125.png 250w, https:\/\/conectaid.com.br\/wp-content\/uploads\/2020\/04\/3-4-768x384.png 768w, https:\/\/conectaid.com.br\/wp-content\/uploads\/2020\/04\/3-4-700x350.png 700w, https:\/\/conectaid.com.br\/wp-content\/uploads\/2020\/04\/3-4-120x60.png 120w, https:\/\/conectaid.com.br\/wp-content\/uploads\/2020\/04\/3-4.png 800w, https:\/\/conectaid.com.br\/wp-content\/uploads\/2020\/04\/3-4-600x300.png 600w\" sizes=\"(max-width: 250px) 100vw, 250px\" \/><h3 class=\"caption\"><a href=\"https:\/\/conectaid.com.br\/index.php\/2019\/09\/03\/posso-ajudar-com-dinheiro\/\">Voc\u00ea pode ajudar?<\/a><\/h3><\/div>\n\t\t\t\t\n\t\t\t\t<div class=\"in-post-content\">Juntos n\u00f3s podemos mudar o mundo! O dia-dia \u00e9 t\u00e3o corrido que n\u00e3o tenho tempo de ajudar! Voc\u00ea pode ajudar financeiramente as campanhas e fazer ...<\/div>\n\t\t\t\t\t\t\t<\/div>\n\n\t\t<\/div>\n\t\t\t\t<div class=\"item list-item post-1377\">\n\n\t\t\t<div class=\"post-content\">\n\n\t\t\t\t<div class=\"image\"><img src=\"https:\/\/conectaid.com.br\/wp-content\/uploads\/2020\/04\/2-7-250x125.png\" class=\"attachment-medium size-medium wp-post-image\" alt=\"\" decoding=\"async\" loading=\"lazy\" srcset=\"https:\/\/conectaid.com.br\/wp-content\/uploads\/2020\/04\/2-7-250x125.png 250w, https:\/\/conectaid.com.br\/wp-content\/uploads\/2020\/04\/2-7-768x384.png 768w, https:\/\/conectaid.com.br\/wp-content\/uploads\/2020\/04\/2-7-700x350.png 700w, https:\/\/conectaid.com.br\/wp-content\/uploads\/2020\/04\/2-7-120x60.png 120w, https:\/\/conectaid.com.br\/wp-content\/uploads\/2020\/04\/2-7.png 800w, https:\/\/conectaid.com.br\/wp-content\/uploads\/2020\/04\/2-7-600x300.png 600w\" sizes=\"(max-width: 250px) 100vw, 250px\" \/><h3 class=\"caption\"><a href=\"https:\/\/conectaid.com.br\/index.php\/2019\/09\/03\/tenho-tempo-livre\/\">Voc\u00ea tem um tempinho?<\/a><\/h3><\/div>\n\t\t\t\t\n\t\t\t\t<div class=\"in-post-content\">A a\u00e7\u00e3o social tamb\u00e9m \u00e9 um trabalho que mobiliza pessoas. Quando uma institui\u00e7\u00e3o auxilia a um idoso, uma crian\u00e7a ou um animal \u00e9 preciso muito ...<\/div>\n\t\t\t\t\t\t\t<\/div>\n\n\t\t<\/div>\n\t\t\t\t<div class=\"item list-item post-1380\">\n\n\t\t\t<div class=\"post-content\">\n\n\t\t\t\t<div class=\"image\"><img src=\"https:\/\/conectaid.com.br\/wp-content\/uploads\/2020\/04\/1-6-250x125.png\" class=\"attachment-medium size-medium wp-post-image\" alt=\"\" decoding=\"async\" loading=\"lazy\" srcset=\"https:\/\/conectaid.com.br\/wp-content\/uploads\/2020\/04\/1-6-250x125.png 250w, https:\/\/conectaid.com.br\/wp-content\/uploads\/2020\/04\/1-6-768x384.png 768w, https:\/\/conectaid.com.br\/wp-content\/uploads\/2020\/04\/1-6-700x350.png 700w, https:\/\/conectaid.com.br\/wp-content\/uploads\/2020\/04\/1-6-120x60.png 120w, https:\/\/conectaid.com.br\/wp-content\/uploads\/2020\/04\/1-6.png 800w, https:\/\/conectaid.com.br\/wp-content\/uploads\/2020\/04\/1-6-600x300.png 600w\" sizes=\"(max-width: 250px) 100vw, 250px\" \/><h3 class=\"caption\"><a href=\"https:\/\/conectaid.com.br\/index.php\/2019\/09\/03\/sua-profissao-ajuda-a-manter-vidas\/\">Qual o seu talento?<\/a><\/h3><\/div>\n\t\t\t\t\n\t\t\t\t<div class=\"in-post-content\">M\u00e9dicos, dentistas, psic\u00f3logos, assistente social, merendeiras, auxiliar de servi\u00e7os gerais, costureiras, cabeleireiros, barbeiros, professores, contadores de hist\u00f3ria, n\u00e3o importa, voc\u00ea pode transformar a vida de ...<\/div>\n\t\t\t\t\t\t\t<\/div>\n\n\t\t<\/div>\n\t\t\t\t<div class=\"item list-item post-2588\">\n\n\t\t\t<div class=\"post-content\">\n\n\t\t\t\t<div class=\"image\"><img src=\"https:\/\/conectaid.com.br\/wp-content\/uploads\/2021\/09\/Cprrente-do-Bem-7-250x95.png\" class=\"attachment-medium size-medium wp-post-image\" alt=\"\" decoding=\"async\" loading=\"lazy\" srcset=\"https:\/\/conectaid.com.br\/wp-content\/uploads\/2021\/09\/Cprrente-do-Bem-7-250x95.png 250w, https:\/\/conectaid.com.br\/wp-content\/uploads\/2021\/09\/Cprrente-do-Bem-7-700x266.png 700w, https:\/\/conectaid.com.br\/wp-content\/uploads\/2021\/09\/Cprrente-do-Bem-7-768x292.png 768w, https:\/\/conectaid.com.br\/wp-content\/uploads\/2021\/09\/Cprrente-do-Bem-7-120x46.png 120w, https:\/\/conectaid.com.br\/wp-content\/uploads\/2021\/09\/Cprrente-do-Bem-7-600x228.png 600w, https:\/\/conectaid.com.br\/wp-content\/uploads\/2021\/09\/Cprrente-do-Bem-7.png 820w\" sizes=\"(max-width: 250px) 100vw, 250px\" \/><h3 class=\"caption\"><a href=\"https:\/\/conectaid.com.br\/index.php\/2021\/09\/02\/acoes-no-parque-orlando-leite-em-cascadura-rj\/\">A\u00e7\u00f5es no parque Orlando Leite, em Cascadura RJ.<\/a><\/h3><\/div>\n\t\t\t\t\n\t\t\t\t<div class=\"in-post-content\">Jana Montalv\u00e3o, 49 anos, Contadora, nascida em Cascadura e apaixonada pela solidariedade. Ainda na d\u00e9cada de 90, come\u00e7ou a distribuir comida para moradores em situa\u00e7\u00e3o ...<\/div>\n\t\t\t\t\t\t\t<\/div>\n\n\t\t<\/div>\n\t\t\t\t<div class=\"item list-item post-374\">\n\n\t\t\t<div class=\"post-content\">\n\n\t\t\t\t<div class=\"image\"><img src=\"https:\/\/conectaid.com.br\/wp-content\/uploads\/2018\/05\/Cprrente-do-Bem-2-250x95.png\" class=\"attachment-medium size-medium wp-post-image\" alt=\"\" decoding=\"async\" loading=\"lazy\" srcset=\"https:\/\/conectaid.com.br\/wp-content\/uploads\/2018\/05\/Cprrente-do-Bem-2-250x95.png 250w, https:\/\/conectaid.com.br\/wp-content\/uploads\/2018\/05\/Cprrente-do-Bem-2-768x292.png 768w, https:\/\/conectaid.com.br\/wp-content\/uploads\/2018\/05\/Cprrente-do-Bem-2-700x266.png 700w, https:\/\/conectaid.com.br\/wp-content\/uploads\/2018\/05\/Cprrente-do-Bem-2-120x46.png 120w, https:\/\/conectaid.com.br\/wp-content\/uploads\/2018\/05\/Cprrente-do-Bem-2-600x228.png 600w, https:\/\/conectaid.com.br\/wp-content\/uploads\/2018\/05\/Cprrente-do-Bem-2.png 820w\" sizes=\"(max-width: 250px) 100vw, 250px\" \/><h3 class=\"caption\"><a href=\"https:\/\/conectaid.com.br\/index.php\/2019\/08\/31\/be-the-first-to-in-your-city-3\/\">O que voc\u00ea faria para mudar isso?<\/a><\/h3><\/div>\n\t\t\t\t\n\t\t\t\t<div class=\"in-post-content\">J\u00e1 parou para pensar o quanto reclamamos da falta de seguran\u00e7a, sa\u00fade e educa\u00e7\u00e3o? Sabemos que dever\u00edamos ter tudo isso, mas essa n\u00e3o \u00e9 a ...<\/div>\n\t\t\t\t\t\t\t<\/div>\n\n\t\t<\/div>\n\t\t\t\t<div class=\"item list-item post-376\">\n\n\t\t\t<div class=\"post-content\">\n\n\t\t\t\t<div class=\"image\"><img src=\"https:\/\/conectaid.com.br\/wp-content\/uploads\/2018\/05\/Cprrente-do-Bem-5-250x95.png\" class=\"attachment-medium size-medium wp-post-image\" alt=\"\" decoding=\"async\" loading=\"lazy\" srcset=\"https:\/\/conectaid.com.br\/wp-content\/uploads\/2018\/05\/Cprrente-do-Bem-5-250x95.png 250w, https:\/\/conectaid.com.br\/wp-content\/uploads\/2018\/05\/Cprrente-do-Bem-5-768x292.png 768w, https:\/\/conectaid.com.br\/wp-content\/uploads\/2018\/05\/Cprrente-do-Bem-5-700x266.png 700w, https:\/\/conectaid.com.br\/wp-content\/uploads\/2018\/05\/Cprrente-do-Bem-5-120x46.png 120w, https:\/\/conectaid.com.br\/wp-content\/uploads\/2018\/05\/Cprrente-do-Bem-5-600x228.png 600w, https:\/\/conectaid.com.br\/wp-content\/uploads\/2018\/05\/Cprrente-do-Bem-5.png 820w\" sizes=\"(max-width: 250px) 100vw, 250px\" \/><h3 class=\"caption\"><a href=\"https:\/\/conectaid.com.br\/index.php\/2019\/08\/15\/send-donation-4\/\">Algu\u00e9m sempre precisa de ajuda<\/a><\/h3><\/div>\n\t\t\t\t\n\t\t\t\t<div class=\"in-post-content\">H\u00e1 anos fazemos doa\u00e7\u00f5es pelas ruas do Rio de Janeiro. Tudo come\u00e7ou sem a menor pretens\u00e3o. Apenas uma vontade de ajudar ao pr\u00f3ximo e sem ...<\/div>\n\t\t\t\t\t\t\t<\/div>\n\n\t\t<\/div>\n\t\t\t\t<div class=\"item list-item post-1311\">\n\n\t\t\t<div class=\"post-content\">\n\n\t\t\t\t<div class=\"image\"><img src=\"https:\/\/conectaid.com.br\/wp-content\/uploads\/2019\/08\/Cprrente-do-Bem-4-250x95.png\" class=\"attachment-medium size-medium wp-post-image\" alt=\"\" decoding=\"async\" loading=\"lazy\" srcset=\"https:\/\/conectaid.com.br\/wp-content\/uploads\/2019\/08\/Cprrente-do-Bem-4-250x95.png 250w, https:\/\/conectaid.com.br\/wp-content\/uploads\/2019\/08\/Cprrente-do-Bem-4-768x292.png 768w, https:\/\/conectaid.com.br\/wp-content\/uploads\/2019\/08\/Cprrente-do-Bem-4-700x266.png 700w, https:\/\/conectaid.com.br\/wp-content\/uploads\/2019\/08\/Cprrente-do-Bem-4-120x46.png 120w, https:\/\/conectaid.com.br\/wp-content\/uploads\/2019\/08\/Cprrente-do-Bem-4-600x228.png 600w, https:\/\/conectaid.com.br\/wp-content\/uploads\/2019\/08\/Cprrente-do-Bem-4.png 820w\" sizes=\"(max-width: 250px) 100vw, 250px\" \/><h3 class=\"caption\"><a href=\"https:\/\/conectaid.com.br\/index.php\/2019\/08\/24\/caridade-ou-solidariedade-social\/\">Caridade \u00e9 gentileza<\/a><\/h3><\/div>\n\t\t\t\t\n\t\t\t\t<div class=\"in-post-content\">por Priscila Mattos \u00c9 muito comum confundirmos&nbsp;caridade&nbsp;com solidariedade&nbsp;social. Quando falamos em&nbsp;caridade, logo nos vem \u00e0 mente a doa\u00e7\u00e3o de bens materiais de uma forma individual ...<\/div>\n\t\t\t\t\t\t\t<\/div>\n\n\t\t<\/div>\n\t\t\t\t<div class=\"item list-item post-1358\">\n\n\t\t\t<div class=\"post-content\">\n\n\t\t\t\t<div class=\"image\"><img src=\"https:\/\/conectaid.com.br\/wp-content\/uploads\/2019\/09\/Cprrente-do-Bem-250x95.png\" class=\"attachment-medium size-medium wp-post-image\" alt=\"\" decoding=\"async\" loading=\"lazy\" srcset=\"https:\/\/conectaid.com.br\/wp-content\/uploads\/2019\/09\/Cprrente-do-Bem-250x95.png 250w, https:\/\/conectaid.com.br\/wp-content\/uploads\/2019\/09\/Cprrente-do-Bem-768x292.png 768w, https:\/\/conectaid.com.br\/wp-content\/uploads\/2019\/09\/Cprrente-do-Bem-700x266.png 700w, https:\/\/conectaid.com.br\/wp-content\/uploads\/2019\/09\/Cprrente-do-Bem-120x46.png 120w, https:\/\/conectaid.com.br\/wp-content\/uploads\/2019\/09\/Cprrente-do-Bem-600x228.png 600w, https:\/\/conectaid.com.br\/wp-content\/uploads\/2019\/09\/Cprrente-do-Bem.png 820w\" sizes=\"(max-width: 250px) 100vw, 250px\" \/><h3 class=\"caption\"><a href=\"https:\/\/conectaid.com.br\/index.php\/2019\/09\/01\/corrente-do-bem\/\">Fa\u00e7a parte da nossa CORRENTE DO BEM!<\/a><\/h3><\/div>\n\t\t\t\t\n\t\t\t\t<div class=\"in-post-content\">Quando ajudamos ao pr\u00f3ximo percebemos uma sensa\u00e7\u00e3o de bem-estar que alimenta a nossa alma. Nos ajude a construir um mundo melhor, a fazer o bem ...<\/div>\n\t\t\t\t\t\t\t<\/div>\n\n\t\t<\/div>\n\t\t\t\t<div class=\"item list-item post-2510\">\n\n\t\t\t<div class=\"post-content\">\n\n\t\t\t\t<div class=\"image\"><img src=\"https:\/\/conectaid.com.br\/wp-content\/uploads\/2020\/07\/WhatsApp-Image-2020-06-22-at-20.20.51-1-250x95.jpeg\" class=\"attachment-medium size-medium wp-post-image\" alt=\"\" decoding=\"async\" loading=\"lazy\" srcset=\"https:\/\/conectaid.com.br\/wp-content\/uploads\/2020\/07\/WhatsApp-Image-2020-06-22-at-20.20.51-1-250x95.jpeg 250w, https:\/\/conectaid.com.br\/wp-content\/uploads\/2020\/07\/WhatsApp-Image-2020-06-22-at-20.20.51-1-700x266.jpeg 700w, https:\/\/conectaid.com.br\/wp-content\/uploads\/2020\/07\/WhatsApp-Image-2020-06-22-at-20.20.51-1-768x292.jpeg 768w, https:\/\/conectaid.com.br\/wp-content\/uploads\/2020\/07\/WhatsApp-Image-2020-06-22-at-20.20.51-1-120x46.jpeg 120w, https:\/\/conectaid.com.br\/wp-content\/uploads\/2020\/07\/WhatsApp-Image-2020-06-22-at-20.20.51-1-600x228.jpeg 600w, https:\/\/conectaid.com.br\/wp-content\/uploads\/2020\/07\/WhatsApp-Image-2020-06-22-at-20.20.51-1.jpeg 820w\" sizes=\"(max-width: 250px) 100vw, 250px\" \/><h3 class=\"caption\"><a href=\"https:\/\/conectaid.com.br\/index.php\/2020\/07\/07\/acoes-do-bem\/\">A\u00e7\u00f5es de solidariedade!<\/a><\/h3><\/div>\n\t\t\t\t\n\t\t\t\t<div class=\"in-post-content\">Este \u00e9 o Billy, ele foi resgatado dia 1\/1\/219, nosso monitor Elu\u00e9cio Montalv\u00e3o estava passeando com seus ouros dois pets quando o Billy surgiu na ...<\/div>\n\t\t\t\t\t\t\t<\/div>\n\n\t\t<\/div>\n\t\t\t\t<div class=\"item list-item post-2574\">\n\n\t\t\t<div class=\"post-content\">\n\n\t\t\t\t<div class=\"image\"><img src=\"https:\/\/conectaid.com.br\/wp-content\/uploads\/2020\/08\/WhatsApp-Image-2020-08-04-at-14.45.23-1-250x95.jpeg\" class=\"attachment-medium size-medium wp-post-image\" alt=\"\" decoding=\"async\" loading=\"lazy\" srcset=\"https:\/\/conectaid.com.br\/wp-content\/uploads\/2020\/08\/WhatsApp-Image-2020-08-04-at-14.45.23-1-250x95.jpeg 250w, https:\/\/conectaid.com.br\/wp-content\/uploads\/2020\/08\/WhatsApp-Image-2020-08-04-at-14.45.23-1-700x266.jpeg 700w, https:\/\/conectaid.com.br\/wp-content\/uploads\/2020\/08\/WhatsApp-Image-2020-08-04-at-14.45.23-1-768x292.jpeg 768w, https:\/\/conectaid.com.br\/wp-content\/uploads\/2020\/08\/WhatsApp-Image-2020-08-04-at-14.45.23-1-120x46.jpeg 120w, https:\/\/conectaid.com.br\/wp-content\/uploads\/2020\/08\/WhatsApp-Image-2020-08-04-at-14.45.23-1-600x228.jpeg 600w, https:\/\/conectaid.com.br\/wp-content\/uploads\/2020\/08\/WhatsApp-Image-2020-08-04-at-14.45.23-1.jpeg 820w\" sizes=\"(max-width: 250px) 100vw, 250px\" \/><h3 class=\"caption\"><a href=\"https:\/\/conectaid.com.br\/index.php\/2020\/08\/04\/acoes-de-solidariedade\/\">A\u00e7\u00f5es de solidariedade<\/a><\/h3><\/div>\n\t\t\t\t\n\t\t\t\t<div class=\"in-post-content\">Esta \u00e9 Andr\u00e9a Carneiro, moradora de Niter\u00f3i e uma de nossas monitoras quando o tema \u00e9 ajuda aos animais. Andreia j\u00e1 participa de grupos de ...<\/div>\n\t\t\t\t\t\t\t<\/div>\n\n\t\t<\/div>\n\t\t\t\t<div class=\"item list-item post-2624\">\n\n\t\t\t<div class=\"post-content\">\n\n\t\t\t\t<div class=\"image\"><img src=\"https:\/\/conectaid.com.br\/wp-content\/uploads\/2021\/09\/Cprrente-do-Bem-6-250x95.png\" class=\"attachment-medium size-medium wp-post-image\" alt=\"\" decoding=\"async\" loading=\"lazy\" srcset=\"https:\/\/conectaid.com.br\/wp-content\/uploads\/2021\/09\/Cprrente-do-Bem-6-250x95.png 250w, https:\/\/conectaid.com.br\/wp-content\/uploads\/2021\/09\/Cprrente-do-Bem-6-700x266.png 700w, https:\/\/conectaid.com.br\/wp-content\/uploads\/2021\/09\/Cprrente-do-Bem-6-768x292.png 768w, https:\/\/conectaid.com.br\/wp-content\/uploads\/2021\/09\/Cprrente-do-Bem-6-120x46.png 120w, https:\/\/conectaid.com.br\/wp-content\/uploads\/2021\/09\/Cprrente-do-Bem-6-600x228.png 600w, https:\/\/conectaid.com.br\/wp-content\/uploads\/2021\/09\/Cprrente-do-Bem-6.png 820w\" sizes=\"(max-width: 250px) 100vw, 250px\" \/><h3 class=\"caption\"><a href=\"https:\/\/conectaid.com.br\/index.php\/2021\/09\/02\/oficinas-gratuitas-em-cascadura\/\">Oficinas GRATUITAS em CASCADURA<\/a><\/h3><\/div>\n\t\t\t\t\n\t\t\t\t<div class=\"in-post-content\">A parte constru\u00edda do nosso parque, est\u00e1 recebendo atividades e oficinas voltadas \u00e0 popula\u00e7\u00e3o, tanto para lazer quanto oficinas para desenvolver dons, habilidades e bem ...<\/div>\n\t\t\t\t\t\t\t<\/div>\n\n\t\t<\/div>\n\t\t\t\t<div class=\"item list-item post-2651\">\n\n\t\t\t<div class=\"post-content\">\n\n\t\t\t\t<div class=\"image\"><img src=\"https:\/\/conectaid.com.br\/wp-content\/uploads\/2021\/10\/Cprrente-do-Bem-250x95.png\" class=\"attachment-medium size-medium wp-post-image\" alt=\"\" decoding=\"async\" loading=\"lazy\" srcset=\"https:\/\/conectaid.com.br\/wp-content\/uploads\/2021\/10\/Cprrente-do-Bem-250x95.png 250w, https:\/\/conectaid.com.br\/wp-content\/uploads\/2021\/10\/Cprrente-do-Bem-700x266.png 700w, https:\/\/conectaid.com.br\/wp-content\/uploads\/2021\/10\/Cprrente-do-Bem-768x292.png 768w, https:\/\/conectaid.com.br\/wp-content\/uploads\/2021\/10\/Cprrente-do-Bem-120x46.png 120w, https:\/\/conectaid.com.br\/wp-content\/uploads\/2021\/10\/Cprrente-do-Bem-600x228.png 600w, https:\/\/conectaid.com.br\/wp-content\/uploads\/2021\/10\/Cprrente-do-Bem.png 820w\" sizes=\"(max-width: 250px) 100vw, 250px\" \/><h3 class=\"caption\"><a href=\"https:\/\/conectaid.com.br\/index.php\/2021\/11\/20\/horta-urbana-em-cascadura\/\">Horta Urbana em Cascadura<\/a><\/h3><\/div>\n\t\t\t\t\n\t\t\t\t<div class=\"in-post-content\">O projeto de horta comunit\u00e1ria no Parque Orlando Leite surge como ferramenta educadorapara a conscientiza\u00e7\u00e3o e educa\u00e7\u00e3o ambiental alinhada \u00e0 pr\u00e1ticas sustent\u00e1veis pautadasnos Objetivos do ...<\/div>\n\t\t\t\t\t\t\t<\/div>\n\n\t\t<\/div>\n\t\t<\/div><\/div><\/div><\/div><\/div><\/div><\/section><section class=\"kc-elm kc-css-115583 kc_row\"><div class=\"kc-row-container  kc-container\"><div class=\"kc-wrap-columns\"><div class=\"kc-elm kc-css-929657 kc_col-sm-12 kc_column kc_col-sm-12\"><div class=\"kc-col-container\"><\/div><\/div><\/div><\/div><\/section><\/p>\n","protected":false},"excerpt":{"rendered":"<p>Seja o protagonista da Corrente do Bem! \u00a0<\/p>\n","protected":false},"author":1,"featured_media":1370,"parent":0,"menu_order":0,"comment_status":"closed","ping_status":"closed","template":"","meta":[],"_links":{"self":[{"href":"https:\/\/conectaid.com.br\/index.php\/wp-json\/wp\/v2\/pages\/282"}],"collection":[{"href":"https:\/\/conectaid.com.br\/index.php\/wp-json\/wp\/v2\/pages"}],"about":[{"href":"https:\/\/conectaid.com.br\/index.php\/wp-json\/wp\/v2\/types\/page"}],"author":[{"embeddable":true,"href":"https:\/\/conectaid.com.br\/index.php\/wp-json\/wp\/v2\/users\/1"}],"replies":[{"embeddable":true,"href":"https:\/\/conectaid.com.br\/index.php\/wp-json\/wp\/v2\/comments?post=282"}],"version-history":[{"count":125,"href":"https:\/\/conectaid.com.br\/index.php\/wp-json\/wp\/v2\/pages\/282\/revisions"}],"predecessor-version":[{"id":2356,"href":"https:\/\/conectaid.com.br\/index.php\/wp-json\/wp\/v2\/pages\/282\/revisions\/2356"}],"wp:featuredmedia":[{"embeddable":true,"href":"https:\/\/conectaid.com.br\/index.php\/wp-json\/wp\/v2\/media\/1370"}],"wp:attachment":[{"href":"https:\/\/conectaid.com.br\/index.php\/wp-json\/wp\/v2\/media?parent=282"}],"curies":[{"name":"wp","href":"https:\/\/api.w.org\/{rel}","templated":true}]}}