{"id":257,"date":"2018-05-11T22:44:53","date_gmt":"2018-05-11T22:44:53","guid":{"rendered":"https:\/\/wp.spidertrixcons.net\/servehuman\/?page_id=257"},"modified":"2020-04-16T13:01:31","modified_gmt":"2020-04-16T16:01:31","slug":"contact-form-7-id7-titlecontact-form-1","status":"publish","type":"page","link":"https:\/\/conectaid.com.br\/index.php\/contact-form-7-id7-titlecontact-form-1\/","title":{"rendered":"Contato"},"content":{"rendered":"<p><section class=\"kc-elm kc-css-873585 kc_row\"><div class=\"kc-row-container  kc-container\"><div class=\"kc-wrap-columns\"><div class=\"kc-elm kc-css-690003 kc_col-sm-12 kc_column kc_col-sm-12\"><div class=\"kc-col-container\">\n<div class=\"kc-elm kc-css-411322 kc-title-wrap \">\n\n\t<h4 class=\"kc_title\">Quer participar dos projetos, indicar institui\u00e7\u00f5es e pessoas que precisam de ajuda, trazer uma nova ideia ou precisa de alguma informa\u00e7\u00e3o?\r\n\r\n\u00c9 s\u00f3 preencher este formul\u00e1rio.\r\n<\/h4>\n<\/div>\n<\/div><\/div><\/div><\/div><\/section><section class=\"kc-elm kc-css-787905 kc_row\"><div class=\"kc-row-container\"><div class=\"kc-wrap-columns\"><div class=\"kc-elm kc-css-411377 kc_col-sm-12 kc_column kc_col-sm-12\"><div class=\"kc-col-container\"><div class=\"kc-elm kc-css-438528 kc_google_maps kc_shortcode\"><div style=\"height: 350px\" class=\"kc-google-maps\"><iframe src=\"https:\/\/www.google.com\/maps\/embed?pb=!1m18!1m12!1m3!1d3672.488063571742!2d-43.43992508597049!3d-23.005845384961546!2m3!1f0!2f0!3f0!3m2!1i1024!2i768!4f13.1!3m3!1m2!1s0x9bdce64356b7ef%3A0x6ec6ccba9d417e07!2sAv.+das+Am%C3%A9ricas%2C+12900+-+Barra+da+Tijuca%2C+Rio+de+Janeiro+-+RJ%2C+22790-702!5e0!3m2!1spt-BR!2sbr!4v1564595235725!5m2!1spt-BR!2sbr\" width=\"100%\" height=\"350\" frameborder=\"0\" style=\"border:0\" allowfullscreen><\/iframe><\/div><\/div><\/div><\/div><\/div><\/div><\/section><section class=\"kc-elm kc-css-183747 kc_row\"><div class=\"kc-row-container  kc-container\"><div class=\"kc-wrap-columns\"><div class=\"kc-elm kc-css-343838 kc_col-sm-12 kc_column kc_col-sm-12\"><div class=\"kc-col-container\"><div class=\"kc-elm kc-css-815301\" style=\"height: 24px; clear: both; width:100%;\"><\/div><\/div><\/div><\/div><\/div><\/section><section class=\"kc-elm kc-css-768491 kc_row\"><div class=\"kc-row-container  kc-container\"><div class=\"kc-wrap-columns\"><div class=\"kc-elm kc-css-36472 kc_col-sm-4 kc_column kc_col-sm-4\"><div class=\"kc-col-container\">\n<div class=\"kc-elm kc-css-811895 kc-title-wrap \">\n\n\t<h2 class=\"kc_title\">Localiza\u00e7\u00e3o<\/h2>\n<\/div>\n<ul class=\"sc-info-list\">\n            \n    <li>\n        <div class=\"icon-box\">\n            <div class=\"inner\">\n                <i class=\"fa-map-marker-alt\"><\/i>\n            <\/div>\n        <\/div>\n        <div class=\"content-box\">\n            <h4>Endere\u00e7o<\/h4>\n            <p>Endere\u00e7o: Av. das Am\u00e9ricas, 12900, Bloco 1, Setor Equador, Sala 307D - Barra da Tijuca-RJ<\/p>        <\/div>\n    <\/li>\n            \n    <li>\n        <div class=\"icon-box\">\n            <div class=\"inner\">\n                <i class=\"fa-phone\"><\/i>\n            <\/div>\n        <\/div>\n        <div class=\"content-box\">\n            <h4>Telefone<\/h4>\n            <p>Escrit\u00f3rio: (21) 3529_7881<br>WhatsApp: (21) 9996 73215 <\/p>        <\/div>\n    <\/li>\n            \n    <li>\n        <div class=\"icon-box\">\n            <div class=\"inner\">\n                <i class=\"fa-envelope\"><\/i>\n            <\/div>\n        <\/div>\n        <div class=\"content-box\">\n            <h4>Email<\/h4>\n            <p>contato@conectaid.com.br <br> doacao@conectaid.com.br<\/p>        <\/div>\n    <\/li>\n    <\/ul>\n<\/div><\/div><div class=\"kc-elm kc-css-194967 kc_col-sm-8 kc_column kc_col-sm-8\"><div class=\"kc-col-container\">\n<div class=\"kc-elm kc-css-333907 kc-title-wrap \">\n\n\t<h2 class=\"kc_title\">Fale Conosco<\/h2>\n<\/div>\n<div class=\"kc-elm kc-css-322281 kc-raw-code\"><div role=\"form\" class=\"wpcf7\" id=\"wpcf7-f262-o1\" lang=\"en-US\" dir=\"ltr\">\n<div class=\"screen-reader-response\"><p role=\"status\" aria-live=\"polite\" aria-atomic=\"true\"><\/p> <ul><\/ul><\/div>\n<form action=\"\/index.php\/wp-json\/wp\/v2\/pages\/257#wpcf7-f262-o1\" method=\"post\" class=\"wpcf7-form init\" novalidate=\"novalidate\" data-status=\"init\">\n<div style=\"display: none;\">\n<input type=\"hidden\" name=\"_wpcf7\" value=\"262\" \/>\n<input type=\"hidden\" name=\"_wpcf7_version\" value=\"5.5.4\" \/>\n<input type=\"hidden\" name=\"_wpcf7_locale\" value=\"en_US\" \/>\n<input type=\"hidden\" name=\"_wpcf7_unit_tag\" value=\"wpcf7-f262-o1\" \/>\n<input type=\"hidden\" name=\"_wpcf7_container_post\" value=\"0\" \/>\n<input type=\"hidden\" name=\"_wpcf7_posted_data_hash\" value=\"\" \/>\n<input type=\"hidden\" name=\"_wpcf7_recaptcha_response\" value=\"\" \/>\n<\/div>\n<div class=\"contact-form row\">\n<div class=\"col-md-6\">\n  <span class=\"wpcf7-form-control-wrap your-name\"><input type=\"text\" name=\"your-name\" value=\"\" size=\"40\" class=\"wpcf7-form-control wpcf7-text wpcf7-validates-as-required\" aria-required=\"true\" aria-invalid=\"false\" placeholder=\"Nome\" \/><\/span><br \/>\n  <span class=\"wpcf7-form-control-wrap your-email\"><input type=\"email\" name=\"your-email\" value=\"\" size=\"40\" class=\"wpcf7-form-control wpcf7-text wpcf7-email wpcf7-validates-as-required wpcf7-validates-as-email\" aria-required=\"true\" aria-invalid=\"false\" placeholder=\"Email\" \/><\/span><br \/>\n  <span class=\"wpcf7-form-control-wrap your-phone\"><input type=\"text\" name=\"your-phone\" value=\"\" size=\"40\" class=\"wpcf7-form-control wpcf7-text wpcf7-validates-as-required\" aria-required=\"true\" aria-invalid=\"false\" placeholder=\"Telefone\" \/><\/span>\n<\/div>\n<div class=\"col-md-6\">\n  <span class=\"wpcf7-form-control-wrap your-message\"><textarea name=\"your-message\" cols=\"40\" rows=\"10\" class=\"wpcf7-form-control wpcf7-textarea\" aria-invalid=\"false\" placeholder=\"Mensagem\"><\/textarea><\/span>\n<\/div>\n<div class=\"col-md-12\">\n<span class=\"wpcf7-form-control-wrap recaptcha\"><span data-sitekey=\"6Lfc664UAAAAAP78lsZi_QuBvoHdMt6MU7edrP4Y\" class=\"wpcf7-form-control g-recaptcha wpcf7-recaptcha\"><\/span>\r\n<noscript>\r\n\t<div class=\"grecaptcha-noscript\">\r\n\t\t<iframe src=\"https:\/\/www.recaptcha.net\/recaptcha\/api\/fallback?k=6Lfc664UAAAAAP78lsZi_QuBvoHdMt6MU7edrP4Y\" frameborder=\"0\" scrolling=\"no\" width=\"310\" height=\"430\">\r\n\t\t<\/iframe>\r\n\t\t<textarea name=\"g-recaptcha-response\" rows=\"3\" cols=\"40\" placeholder=\"reCaptcha Response Here\">\r\n\t\t<\/textarea>\r\n\t<\/div>\r\n<\/noscript>\r\n<\/span>\n<p><br>\n<\/div>\n<p><br><\/p>\n<div class=\"col-md-12\">\n <button class=\"thm-btn\" type=\"submit\">Enviar<\/button>\n<\/div>\n<\/div>\n<div class=\"wpcf7-response-output\" aria-hidden=\"true\"><\/div><\/form><\/div><\/div><\/div><\/div><\/div><\/div><\/section><section class=\"kc-elm kc-css-517473 kc_row\"><div class=\"kc-row-container  kc-container\"><div class=\"kc-wrap-columns\"><div class=\"kc-elm kc-css-6424 kc_col-sm-12 kc_column kc_col-sm-12\"><div class=\"kc-col-container\"><div class=\"kc-elm kc-css-774826\" style=\"height: 24px; clear: both; width:100%;\"><\/div><\/div><\/div><\/div><\/div><\/section><section class=\"kc-elm kc-css-761270 kc_row\"><div class=\"kc-row-container  kc-container\"><div class=\"kc-wrap-columns\"><div class=\"kc-elm kc-css-100340 kc_col-sm-3 kc_column kc_col-sm-3\"><div class=\"kc-col-container\">\n<div class=\"kc-elm kc-css-445236 kc_counter_box\">\n\t\t<span class=\"counterup\">49<\/span>\n\t<h4>VOLUNT\u00c1RIOS<\/h4><\/div>\n<\/div><\/div><div class=\"kc-elm kc-css-373387 kc_col-sm-3 kc_column kc_col-sm-3\"><div class=\"kc-col-container\">\n<div class=\"kc-elm kc-css-617220 kc_counter_box\">\n\t\t<span class=\"counterup\">3<\/span>\n\t<h4>PROJETOS ATIVOS<\/h4><\/div>\n<\/div><\/div><div class=\"kc-elm kc-css-413208 kc_col-sm-3 kc_column kc_col-sm-3\"><div class=\"kc-col-container\">\n<div class=\"kc-elm kc-css-161717 kc_counter_box\">\n\t\t<span class=\"counterup\">84<\/span>\n\t<h4>TOTAL DE PROJETOS<\/h4><\/div>\n<\/div><\/div><div class=\"kc-elm kc-css-981812 kc_col-sm-3 kc_column kc_col-sm-3\"><div class=\"kc-col-container\">\n<div class=\"kc-elm kc-css-795977 kc_counter_box\">\n\t\t<span class=\"counterup\">1242<\/span>\n\t<h4>BENEFICIADOS<\/h4><\/div>\n<\/div><\/div><\/div><\/div><\/section><\/p>\n","protected":false},"excerpt":{"rendered":"","protected":false},"author":1,"featured_media":0,"parent":0,"menu_order":0,"comment_status":"closed","ping_status":"closed","template":"","meta":[],"_links":{"self":[{"href":"https:\/\/conectaid.com.br\/index.php\/wp-json\/wp\/v2\/pages\/257"}],"collection":[{"href":"https:\/\/conectaid.com.br\/index.php\/wp-json\/wp\/v2\/pages"}],"about":[{"href":"https:\/\/conectaid.com.br\/index.php\/wp-json\/wp\/v2\/types\/page"}],"author":[{"embeddable":true,"href":"https:\/\/conectaid.com.br\/index.php\/wp-json\/wp\/v2\/users\/1"}],"replies":[{"embeddable":true,"href":"https:\/\/conectaid.com.br\/index.php\/wp-json\/wp\/v2\/comments?post=257"}],"version-history":[{"count":36,"href":"https:\/\/conectaid.com.br\/index.php\/wp-json\/wp\/v2\/pages\/257\/revisions"}],"predecessor-version":[{"id":2215,"href":"https:\/\/conectaid.com.br\/index.php\/wp-json\/wp\/v2\/pages\/257\/revisions\/2215"}],"wp:attachment":[{"href":"https:\/\/conectaid.com.br\/index.php\/wp-json\/wp\/v2\/media?parent=257"}],"curies":[{"name":"wp","href":"https:\/\/api.w.org\/{rel}","templated":true}]}}