{"id":1069,"date":"2019-07-31T11:30:55","date_gmt":"2019-07-31T14:30:55","guid":{"rendered":"https:\/\/conectaid.com.br\/?page_id=1069"},"modified":"2020-04-01T13:56:52","modified_gmt":"2020-04-01T16:56:52","slug":"politica-de-doacao","status":"publish","type":"page","link":"https:\/\/conectaid.com.br\/index.php\/politica-de-doacao\/","title":{"rendered":"Pol\u00edtica de Doa\u00e7\u00e3o"},"content":{"rendered":"\n<h4 class=\"wp-block-heading\">Nossa associa\u00e7\u00e3o, sem fins lucrativos, \u00e9 regulamentada de acordo com o C\u00f3digo Civil Brasileiro (artigos 44 a 69).<\/h4>\n\n\n\n<p>Todas as doa\u00e7\u00f5es s\u00e3o realizadas em car\u00e1ter volunt\u00e1rio e sem obriga\u00e7\u00e3o de continuidade por per\u00edodo. Os membros declaram estar de acordo com estes termos.<\/p>\n\n\n\n<h2 class=\"wp-block-heading\">Destina\u00e7\u00e3o dos Recursos<\/h2>\n\n\n\n<p>Todas as doa\u00e7\u00f5es s\u00e3o destinadas ao funcionamento da organiza\u00e7\u00e3o, seus projetos e parcerias. Ser\u00e1 destinada ao projeto espec\u00edfico quando escolhido pelo doador ou de acordo com as necessidades emergenciais e campanhas.<\/p>\n\n\n\n<h2 class=\"wp-block-heading\">\u00c9tica e Presta\u00e7\u00e3o de Contas<\/h2>\n\n\n\n<p>Todas as atividades realizadas ser\u00e3o divulgadas no site, e poder\u00e3o ter a divulga\u00e7\u00e3o ainda atrav\u00e9s de e-mail marketing e redes sociais, pelo website da organiza\u00e7\u00e3o e dos projetos ou ainda em outros ve\u00edculos de comunica\u00e7\u00e3o.<\/p>\n\n\n\n<p>Ser\u00e1 dada a transpar\u00eancias dos recursos de cada projeto auxiliado, anualmente, em forma eletr\u00f4nica, com o t\u00edtulo de &#8220;Relat\u00f3rio de Presta\u00e7\u00e3o de Contas&#8221;.<br><\/p>\n\n\n\n<h2 class=\"wp-block-heading\">Meios de Pagamento<\/h2>\n\n\n\n<p>O DOADOR deve autorizar e informar a institui\u00e7\u00e3o como deseja fazer a doa\u00e7\u00e3o, atrav\u00e9s dos meios divulgados em nossas redes sociais e site, definir  assiduidade, escolher o projeto e estipular o valor no momento de seu cadastro ou em atualiza\u00e7\u00f5es posteriores.<\/p>\n\n\n\n<h2 class=\"wp-block-heading\">Cart\u00e3o de Cr\u00e9dito<\/h2>\n\n\n\n<p>Atrav\u00e9s da plataforma do Paypal ser\u00e1 disponibilizado o pagamento em cart\u00e3o de cr\u00e9dito, inclusive parcelado, para definir como cobran\u00e7a mensal. <\/p>\n\n\n\n<h2 class=\"wp-block-heading\">Transfer\u00eancia banc\u00e1ria<\/h2>\n\n\n\n<p>Planos de doa\u00e7\u00e3o realizados atrav\u00e9s de transfer\u00eancia banc\u00e1ria dever\u00e1 ser encaminhado o comprovante para concilia\u00e7\u00e3o das contas utilizadas para capta\u00e7\u00e3o dos recursos.<\/p>\n\n\n\n<h2 class=\"wp-block-heading\">N\u00e3o-pagamento das doa\u00e7\u00f5es<\/h2>\n\n\n\n<p>O n\u00e3o-pagamento de uma ou mais doa\u00e7\u00f5es, independente do motivo, n\u00e3o acarretar\u00e1 ao DOADOR cobran\u00e7a de multa, juros ou inclus\u00e3o em qualquer tipo de cadastro de restri\u00e7\u00e3o de cr\u00e9dito. O pagamento das doa\u00e7\u00f5es \u00e9 facultativo e opcional, podendo ser suspenso a qualquer momento.<\/p>\n","protected":false},"excerpt":{"rendered":"<p>Nossa associa\u00e7\u00e3o, sem fins lucrativos, \u00e9 regulamentada de acordo com o C\u00f3digo Civil Brasileiro (artigos 44 a 69). Todas as doa\u00e7\u00f5es s\u00e3o realizadas em car\u00e1ter volunt\u00e1rio e sem obriga\u00e7\u00e3o de continuidade por per\u00edodo. Os membros declaram estar de acordo com estes termos. Destina\u00e7\u00e3o dos Recursos Todas as doa\u00e7\u00f5es s\u00e3o destinadas ao funcionamento da organiza\u00e7\u00e3o, seus&#8230; <a class=\"view-article\" href=\"https:\/\/conectaid.com.br\/index.php\/politica-de-doacao\/\">Ver artigo<\/a><\/p>\n","protected":false},"author":1,"featured_media":0,"parent":0,"menu_order":0,"comment_status":"closed","ping_status":"closed","template":"","meta":[],"_links":{"self":[{"href":"https:\/\/conectaid.com.br\/index.php\/wp-json\/wp\/v2\/pages\/1069"}],"collection":[{"href":"https:\/\/conectaid.com.br\/index.php\/wp-json\/wp\/v2\/pages"}],"about":[{"href":"https:\/\/conectaid.com.br\/index.php\/wp-json\/wp\/v2\/types\/page"}],"author":[{"embeddable":true,"href":"https:\/\/conectaid.com.br\/index.php\/wp-json\/wp\/v2\/users\/1"}],"replies":[{"embeddable":true,"href":"https:\/\/conectaid.com.br\/index.php\/wp-json\/wp\/v2\/comments?post=1069"}],"version-history":[{"count":4,"href":"https:\/\/conectaid.com.br\/index.php\/wp-json\/wp\/v2\/pages\/1069\/revisions"}],"predecessor-version":[{"id":1663,"href":"https:\/\/conectaid.com.br\/index.php\/wp-json\/wp\/v2\/pages\/1069\/revisions\/1663"}],"wp:attachment":[{"href":"https:\/\/conectaid.com.br\/index.php\/wp-json\/wp\/v2\/media?parent=1069"}],"curies":[{"name":"wp","href":"https:\/\/api.w.org\/{rel}","templated":true}]}}