{"id":1067,"date":"2019-07-31T11:27:36","date_gmt":"2019-07-31T14:27:36","guid":{"rendered":"https:\/\/conectaid.com.br\/?page_id=1067"},"modified":"2020-04-29T02:25:59","modified_gmt":"2020-04-29T05:25:59","slug":"ceo","status":"publish","type":"page","link":"https:\/\/conectaid.com.br\/index.php\/ceo\/","title":{"rendered":"Ceo"},"content":{"rendered":"\n<p style=\"font-size:21px\">Nosso prop\u00f3sito \u00e9 unir pessoas que entendam o quanto \u00e9 maravilhoso poder ajudar.  Sim,&nbsp;<strong>ajudar faz bem \u00e0 alma<\/strong>! Seja para quem doa seu dinheiro, tempo ou experi\u00eancia e de quem recebe a aten\u00e7\u00e3o que precisa para resolver o seu problema.&nbsp; Andamos correndo tanto no dia-dia da  vida e sequer olhamos ao nosso redor. Todos podem ajudar a construir um bairro, uma cidade ou um mundo melhor. Nos ajude a ajudar!<\/p>\n\n\n\n<figure class=\"wp-block-video aligncenter\"><video controls src=\"https:\/\/conectaid.com.br\/wp-content\/uploads\/2020\/04\/Conectando-o-bem-ao-bom-1-1.mp4\"><\/video><\/figure>\n","protected":false},"excerpt":{"rendered":"<p>Nosso prop\u00f3sito \u00e9 unir pessoas que entendam o quanto \u00e9 maravilhoso poder ajudar. Sim,&nbsp;ajudar faz bem \u00e0 alma! Seja para quem doa seu dinheiro, tempo ou experi\u00eancia e de quem recebe a aten\u00e7\u00e3o que precisa para resolver o seu problema.&nbsp; Andamos correndo tanto no dia-dia da vida e sequer olhamos ao nosso redor. Todos podem&#8230; <a class=\"view-article\" href=\"https:\/\/conectaid.com.br\/index.php\/ceo\/\">Ver artigo<\/a><\/p>\n","protected":false},"author":1,"featured_media":0,"parent":0,"menu_order":0,"comment_status":"closed","ping_status":"closed","template":"","meta":[],"_links":{"self":[{"href":"https:\/\/conectaid.com.br\/index.php\/wp-json\/wp\/v2\/pages\/1067"}],"collection":[{"href":"https:\/\/conectaid.com.br\/index.php\/wp-json\/wp\/v2\/pages"}],"about":[{"href":"https:\/\/conectaid.com.br\/index.php\/wp-json\/wp\/v2\/types\/page"}],"author":[{"embeddable":true,"href":"https:\/\/conectaid.com.br\/index.php\/wp-json\/wp\/v2\/users\/1"}],"replies":[{"embeddable":true,"href":"https:\/\/conectaid.com.br\/index.php\/wp-json\/wp\/v2\/comments?post=1067"}],"version-history":[{"count":10,"href":"https:\/\/conectaid.com.br\/index.php\/wp-json\/wp\/v2\/pages\/1067\/revisions"}],"predecessor-version":[{"id":2359,"href":"https:\/\/conectaid.com.br\/index.php\/wp-json\/wp\/v2\/pages\/1067\/revisions\/2359"}],"wp:attachment":[{"href":"https:\/\/conectaid.com.br\/index.php\/wp-json\/wp\/v2\/media?parent=1067"}],"curies":[{"name":"wp","href":"https:\/\/api.w.org\/{rel}","templated":true}]}}